{"id":1308,"date":"2020-08-31T10:25:32","date_gmt":"2020-08-31T15:25:32","guid":{"rendered":"https:\/\/protecsa.com.pa\/?page_id=1308"},"modified":"2021-12-01T11:07:19","modified_gmt":"2021-12-01T16:07:19","slug":"electronica-marina","status":"publish","type":"page","link":"https:\/\/protecsa.com.pa\/?page_id=1308","title":{"rendered":"Electr\u00f3nica Marina"},"content":{"rendered":"\t\t<div data-elementor-type=\"wp-page\" data-elementor-id=\"1308\" class=\"elementor elementor-1308\">\n\t\t\t\t\t\t<section class=\"elementor-section elementor-top-section elementor-element elementor-element-2c7c3cd elementor-section-boxed elementor-section-height-default elementor-section-height-default\" data-id=\"2c7c3cd\" data-element_type=\"section\" data-e-type=\"section\" data-settings=\"{&quot;background_background&quot;:&quot;classic&quot;}\">\n\t\t\t\t\t\t\t<div class=\"elementor-background-overlay\"><\/div>\n\t\t\t\t\t\t\t<div class=\"elementor-container elementor-column-gap-default\">\n\t\t\t\t\t<div class=\"elementor-column elementor-col-100 elementor-top-column elementor-element elementor-element-5828a2b\" data-id=\"5828a2b\" data-element_type=\"column\" data-e-type=\"column\">\n\t\t\t<div class=\"elementor-widget-wrap elementor-element-populated\">\n\t\t\t\t\t\t<div class=\"elementor-element elementor-element-cbc2e84 elementor-widget elementor-widget-heading\" data-id=\"cbc2e84\" data-element_type=\"widget\" data-e-type=\"widget\" data-widget_type=\"heading.default\">\n\t\t\t\t<div class=\"elementor-widget-container\">\n\t\t\t\t\t<h1 class=\"elementor-heading-title elementor-size-default\">Productos<\/h1>\t\t\t\t<\/div>\n\t\t\t\t<\/div>\n\t\t\t\t<div class=\"elementor-element elementor-element-2221106 elementor-widget elementor-widget-image\" data-id=\"2221106\" data-element_type=\"widget\" data-e-type=\"widget\" data-widget_type=\"image.default\">\n\t\t\t\t<div class=\"elementor-widget-container\">\n\t\t\t\t\t\t\t\t\t\t\t\t\t\t\t<img data-recalc-dims=\"1\" decoding=\"async\" src=\"https:\/\/i0.wp.com\/protecsa.com.pa\/wp-content\/uploads\/2020\/05\/plug-free-img.png?ssl=1\" title=\"plug-free-img.png\" alt=\"plug-free-img.png\" loading=\"lazy\" \/>\t\t\t\t\t\t\t\t\t\t\t\t\t\t\t<\/div>\n\t\t\t\t<\/div>\n\t\t\t\t\t<\/div>\n\t\t<\/div>\n\t\t\t\t\t<\/div>\n\t\t<\/section>\n\t\t\t\t<section class=\"elementor-section elementor-top-section elementor-element elementor-element-a8ad8b6 elementor-section-boxed elementor-section-height-default elementor-section-height-default\" data-id=\"a8ad8b6\" data-element_type=\"section\" data-e-type=\"section\">\n\t\t\t\t\t\t<div class=\"elementor-container elementor-column-gap-default\">\n\t\t\t\t\t<div class=\"elementor-column elementor-col-100 elementor-top-column elementor-element elementor-element-9b70876\" data-id=\"9b70876\" data-element_type=\"column\" data-e-type=\"column\">\n\t\t\t<div class=\"elementor-widget-wrap elementor-element-populated\">\n\t\t\t\t\t\t<div class=\"elementor-element elementor-element-e5b400c elementor-widget elementor-widget-heading\" data-id=\"e5b400c\" data-element_type=\"widget\" data-e-type=\"widget\" data-widget_type=\"heading.default\">\n\t\t\t\t<div class=\"elementor-widget-container\">\n\t\t\t\t\t<h2 class=\"elementor-heading-title elementor-size-default\">Electr\u00f3nica Marina<\/h2>\t\t\t\t<\/div>\n\t\t\t\t<\/div>\n\t\t\t\t\t<\/div>\n\t\t<\/div>\n\t\t\t\t\t<\/div>\n\t\t<\/section>\n\t\t\t\t<section class=\"elementor-section elementor-top-section elementor-element elementor-element-7c9edc1 elementor-section-boxed elementor-section-height-default elementor-section-height-default\" data-id=\"7c9edc1\" data-element_type=\"section\" data-e-type=\"section\">\n\t\t\t\t\t\t<div class=\"elementor-container elementor-column-gap-default\">\n\t\t\t\t\t<div class=\"elementor-column elementor-col-50 elementor-top-column elementor-element elementor-element-2436bb8\" data-id=\"2436bb8\" data-element_type=\"column\" data-e-type=\"column\">\n\t\t\t<div class=\"elementor-widget-wrap elementor-element-populated\">\n\t\t\t\t\t\t<div class=\"elementor-element elementor-element-248a2d3 elementor-widget elementor-widget-text-editor\" data-id=\"248a2d3\" data-element_type=\"widget\" data-e-type=\"widget\" data-widget_type=\"text-editor.default\">\n\t\t\t\t<div class=\"elementor-widget-container\">\n\t\t\t\t\t\t\t\t\t<p>Protecsa ofrece una amplia gama de equipos electr\u00f3nicos de alta calidad para navegaci\u00f3n y comunicaci\u00f3n marina. Suplimos, integramos e instalamos equipos para embarcaciones, veleros, yates, barcos pesqueros y comerciales.<\/p><ul><li>Pantallas<\/li><li>Radares<\/li><li>Videosondas<\/li><li>Pilotos Autom\u00e1ticos<\/li><li>Girocompases<\/li><li>GMDSS, ECDIS<\/li><li>GPS, AIS, EPIRB<\/li><li>Visi\u00f3n nocturna<\/li><li>Comunicaci\u00f3n Satelital<\/li><li>Radios VHF &amp; SSB<\/li><li>Antenas de Comunicaci\u00f3n<\/li><li>Cartas Electr\u00f3nicas<\/li><li>Cargadores de bater\u00edas<\/li><li>Accesorios<\/li><\/ul><p>Ofrecemos taller de servicio y soporte t\u00e9cnico para todos nuestros equipos.<\/p>\t\t\t\t\t\t\t\t<\/div>\n\t\t\t\t<\/div>\n\t\t\t\t\t<\/div>\n\t\t<\/div>\n\t\t\t\t<div class=\"elementor-column elementor-col-50 elementor-top-column elementor-element elementor-element-bc4c689\" data-id=\"bc4c689\" data-element_type=\"column\" data-e-type=\"column\">\n\t\t\t<div class=\"elementor-widget-wrap elementor-element-populated\">\n\t\t\t\t\t\t<div class=\"elementor-element elementor-element-ff2a68b elementor-widget elementor-widget-image\" data-id=\"ff2a68b\" data-element_type=\"widget\" data-e-type=\"widget\" data-widget_type=\"image.default\">\n\t\t\t\t<div class=\"elementor-widget-container\">\n\t\t\t\t\t\t\t\t\t\t\t\t\t\t\t<img fetchpriority=\"high\" decoding=\"async\" width=\"1024\" height=\"677\" src=\"https:\/\/i0.wp.com\/protecsa.com.pa\/wp-content\/uploads\/2020\/08\/boat-1044723_1920.jpg?fit=1024%2C677&amp;ssl=1\" class=\"attachment-large size-large wp-image-1357\" alt=\"\" srcset=\"https:\/\/i0.wp.com\/protecsa.com.pa\/wp-content\/uploads\/2020\/08\/boat-1044723_1920.jpg?w=1920&amp;ssl=1 1920w, https:\/\/i0.wp.com\/protecsa.com.pa\/wp-content\/uploads\/2020\/08\/boat-1044723_1920.jpg?resize=300%2C198&amp;ssl=1 300w, https:\/\/i0.wp.com\/protecsa.com.pa\/wp-content\/uploads\/2020\/08\/boat-1044723_1920.jpg?resize=1024%2C677&amp;ssl=1 1024w, https:\/\/i0.wp.com\/protecsa.com.pa\/wp-content\/uploads\/2020\/08\/boat-1044723_1920.jpg?resize=768%2C508&amp;ssl=1 768w, https:\/\/i0.wp.com\/protecsa.com.pa\/wp-content\/uploads\/2020\/08\/boat-1044723_1920.jpg?resize=1536%2C1016&amp;ssl=1 1536w\" sizes=\"(max-width: 1024px) 100vw, 1024px\" title=\"\">\t\t\t\t\t\t\t\t\t\t\t\t\t\t\t<\/div>\n\t\t\t\t<\/div>\n\t\t\t\t<section class=\"elementor-section elementor-inner-section elementor-element elementor-element-7a247f2 elementor-section-boxed elementor-section-height-default elementor-section-height-default\" data-id=\"7a247f2\" data-element_type=\"section\" data-e-type=\"section\">\n\t\t\t\t\t\t<div class=\"elementor-container elementor-column-gap-default\">\n\t\t\t\t\t<div class=\"elementor-column elementor-col-50 elementor-inner-column elementor-element elementor-element-9819242\" data-id=\"9819242\" data-element_type=\"column\" data-e-type=\"column\">\n\t\t\t<div class=\"elementor-widget-wrap elementor-element-populated\">\n\t\t\t\t\t\t<div class=\"elementor-element elementor-element-eb9d7ee elementor-widget elementor-widget-image\" data-id=\"eb9d7ee\" data-element_type=\"widget\" data-e-type=\"widget\" data-widget_type=\"image.default\">\n\t\t\t\t<div class=\"elementor-widget-container\">\n\t\t\t\t\t\t\t\t\t\t\t\t\t\t\t<img decoding=\"async\" width=\"1024\" height=\"768\" src=\"https:\/\/i0.wp.com\/protecsa.com.pa\/wp-content\/uploads\/2020\/08\/cruise-ship-1340119_1920.jpg?fit=1024%2C768&amp;ssl=1\" class=\"attachment-large size-large wp-image-1368\" alt=\"\" srcset=\"https:\/\/i0.wp.com\/protecsa.com.pa\/wp-content\/uploads\/2020\/08\/cruise-ship-1340119_1920.jpg?w=1920&amp;ssl=1 1920w, https:\/\/i0.wp.com\/protecsa.com.pa\/wp-content\/uploads\/2020\/08\/cruise-ship-1340119_1920.jpg?resize=300%2C225&amp;ssl=1 300w, https:\/\/i0.wp.com\/protecsa.com.pa\/wp-content\/uploads\/2020\/08\/cruise-ship-1340119_1920.jpg?resize=1024%2C768&amp;ssl=1 1024w, https:\/\/i0.wp.com\/protecsa.com.pa\/wp-content\/uploads\/2020\/08\/cruise-ship-1340119_1920.jpg?resize=768%2C576&amp;ssl=1 768w, https:\/\/i0.wp.com\/protecsa.com.pa\/wp-content\/uploads\/2020\/08\/cruise-ship-1340119_1920.jpg?resize=1536%2C1152&amp;ssl=1 1536w\" sizes=\"(max-width: 1024px) 100vw, 1024px\" title=\"\">\t\t\t\t\t\t\t\t\t\t\t\t\t\t\t<\/div>\n\t\t\t\t<\/div>\n\t\t\t\t\t<\/div>\n\t\t<\/div>\n\t\t\t\t<div class=\"elementor-column elementor-col-50 elementor-inner-column elementor-element elementor-element-5540bf4\" data-id=\"5540bf4\" data-element_type=\"column\" data-e-type=\"column\">\n\t\t\t<div class=\"elementor-widget-wrap elementor-element-populated\">\n\t\t\t\t\t\t<div class=\"elementor-element elementor-element-befcfa5 elementor-widget elementor-widget-image\" data-id=\"befcfa5\" data-element_type=\"widget\" data-e-type=\"widget\" data-widget_type=\"image.default\">\n\t\t\t\t<div class=\"elementor-widget-container\">\n\t\t\t\t\t\t\t\t\t\t\t\t\t\t\t<img decoding=\"async\" width=\"1024\" height=\"847\" src=\"https:\/\/i0.wp.com\/protecsa.com.pa\/wp-content\/uploads\/2020\/08\/nautical-vessel-3202115_1920.jpg?fit=1024%2C847&amp;ssl=1\" class=\"attachment-large size-large wp-image-1369\" alt=\"\" srcset=\"https:\/\/i0.wp.com\/protecsa.com.pa\/wp-content\/uploads\/2020\/08\/nautical-vessel-3202115_1920.jpg?w=1920&amp;ssl=1 1920w, https:\/\/i0.wp.com\/protecsa.com.pa\/wp-content\/uploads\/2020\/08\/nautical-vessel-3202115_1920.jpg?resize=300%2C248&amp;ssl=1 300w, https:\/\/i0.wp.com\/protecsa.com.pa\/wp-content\/uploads\/2020\/08\/nautical-vessel-3202115_1920.jpg?resize=1024%2C847&amp;ssl=1 1024w, https:\/\/i0.wp.com\/protecsa.com.pa\/wp-content\/uploads\/2020\/08\/nautical-vessel-3202115_1920.jpg?resize=768%2C635&amp;ssl=1 768w, https:\/\/i0.wp.com\/protecsa.com.pa\/wp-content\/uploads\/2020\/08\/nautical-vessel-3202115_1920.jpg?resize=1536%2C1270&amp;ssl=1 1536w\" sizes=\"(max-width: 1024px) 100vw, 1024px\" title=\"\">\t\t\t\t\t\t\t\t\t\t\t\t\t\t\t<\/div>\n\t\t\t\t<\/div>\n\t\t\t\t\t<\/div>\n\t\t<\/div>\n\t\t\t\t\t<\/div>\n\t\t<\/section>\n\t\t\t\t\t<\/div>\n\t\t<\/div>\n\t\t\t\t\t<\/div>\n\t\t<\/section>\n\t\t\t\t<\/div>\n\t\t","protected":false},"excerpt":{"rendered":"<p>Productos Electr\u00f3nica Marina Protecsa ofrece una amplia gama de equipos electr\u00f3nicos de alta calidad para navegaci\u00f3n y comunicaci\u00f3n marina. Suplimos, integramos e instalamos equipos para embarcaciones, veleros, yates, barcos pesqueros y comerciales. Pantallas Radares Videosondas Pilotos Autom\u00e1ticos Girocompases GMDSS, ECDIS GPS, AIS, EPIRB Visi\u00f3n nocturna Comunicaci\u00f3n Satelital Radios VHF &amp; SSB Antenas de Comunicaci\u00f3n Cartas [&hellip;]<\/p>\n","protected":false},"author":2,"featured_media":0,"parent":0,"menu_order":0,"comment_status":"closed","ping_status":"closed","template":"","meta":{"_monsterinsights_skip_tracking":false,"_monsterinsights_sitenote_active":false,"_monsterinsights_sitenote_note":"","_monsterinsights_sitenote_category":0,"site-sidebar-layout":"no-sidebar","site-content-layout":"page-builder","ast-site-content-layout":"default","site-content-style":"default","site-sidebar-style":"default","ast-global-header-display":"","ast-banner-title-visibility":"","ast-main-header-display":"","ast-hfb-above-header-display":"","ast-hfb-below-header-display":"","ast-hfb-mobile-header-display":"","site-post-title":"disabled","ast-breadcrumbs-content":"","ast-featured-img":"disabled","footer-sml-layout":"","ast-disable-related-posts":"","theme-transparent-header-meta":"","adv-header-id-meta":"","stick-header-meta":"","header-above-stick-meta":"","header-main-stick-meta":"","header-below-stick-meta":"","astra-migrate-meta-layouts":"default","ast-page-background-enabled":"default","ast-page-background-meta":{"desktop":{"background-color":"","background-image":"","background-repeat":"repeat","background-position":"center center","background-size":"auto","background-attachment":"scroll","background-type":"","background-media":"","overlay-type":"","overlay-color":"","overlay-opacity":"","overlay-gradient":""},"tablet":{"background-color":"","background-image":"","background-repeat":"repeat","background-position":"center center","background-size":"auto","background-attachment":"scroll","background-type":"","background-media":"","overlay-type":"","overlay-color":"","overlay-opacity":"","overlay-gradient":""},"mobile":{"background-color":"","background-image":"","background-repeat":"repeat","background-position":"center center","background-size":"auto","background-attachment":"scroll","background-type":"","background-media":"","overlay-type":"","overlay-color":"","overlay-opacity":"","overlay-gradient":""}},"ast-content-background-meta":{"desktop":{"background-color":"var(--ast-global-color-5)","background-image":"","background-repeat":"repeat","background-position":"center center","background-size":"auto","background-attachment":"scroll","background-type":"","background-media":"","overlay-type":"","overlay-color":"","overlay-opacity":"","overlay-gradient":""},"tablet":{"background-color":"var(--ast-global-color-5)","background-image":"","background-repeat":"repeat","background-position":"center center","background-size":"auto","background-attachment":"scroll","background-type":"","background-media":"","overlay-type":"","overlay-color":"","overlay-opacity":"","overlay-gradient":""},"mobile":{"background-color":"var(--ast-global-color-5)","background-image":"","background-repeat":"repeat","background-position":"center center","background-size":"auto","background-attachment":"scroll","background-type":"","background-media":"","overlay-type":"","overlay-color":"","overlay-opacity":"","overlay-gradient":""}},"jetpack_post_was_ever_published":false,"footnotes":""},"class_list":["post-1308","page","type-page","status-publish","hentry"],"jetpack_sharing_enabled":true,"jetpack_shortlink":"https:\/\/wp.me\/Pc198J-l6","_links":{"self":[{"href":"https:\/\/protecsa.com.pa\/index.php?rest_route=\/wp\/v2\/pages\/1308","targetHints":{"allow":["GET"]}}],"collection":[{"href":"https:\/\/protecsa.com.pa\/index.php?rest_route=\/wp\/v2\/pages"}],"about":[{"href":"https:\/\/protecsa.com.pa\/index.php?rest_route=\/wp\/v2\/types\/page"}],"author":[{"embeddable":true,"href":"https:\/\/protecsa.com.pa\/index.php?rest_route=\/wp\/v2\/users\/2"}],"replies":[{"embeddable":true,"href":"https:\/\/protecsa.com.pa\/index.php?rest_route=%2Fwp%2Fv2%2Fcomments&post=1308"}],"version-history":[{"count":0,"href":"https:\/\/protecsa.com.pa\/index.php?rest_route=\/wp\/v2\/pages\/1308\/revisions"}],"wp:attachment":[{"href":"https:\/\/protecsa.com.pa\/index.php?rest_route=%2Fwp%2Fv2%2Fmedia&parent=1308"}],"curies":[{"name":"wp","href":"https:\/\/api.w.org\/{rel}","templated":true}]}}